{"id":511,"date":"2024-07-29T14:21:12","date_gmt":"2024-07-29T11:21:12","guid":{"rendered":"https:\/\/advacheck.com\/?page_id=511"},"modified":"2025-02-14T17:09:21","modified_gmt":"2025-02-14T14:09:21","slug":"code-of-conduct-for-advacheck-software-users","status":"publish","type":"page","link":"https:\/\/advacheck.com\/es\/code-of-conduct-for-advacheck-software-users\/","title":{"rendered":"C\u00f3digo de conducta para los usuarios del software de Advacheck"},"content":{"rendered":"<p>En consideraci\u00f3n de las condiciones del Acuerdo y los pactos mutuos que se detallan a continuaci\u00f3n, se acuerda lo siguiente para garantizar:<\/p>\n<ul>\n<li>El uso efectivo de los verificadores a disposici\u00f3n del Licenciatario de acuerdo con el Acuerdo y la prevenci\u00f3n de su uso indebido.<\/li>\n<li>La protecci\u00f3n de los datos personales y las cuentas leg\u00edtimas de los usuarios, as\u00ed como la prevenci\u00f3n de la divulgaci\u00f3n de dicha informaci\u00f3n a terceros.<\/li>\n<li>La protecci\u00f3n de los documentos y reportes de los usuarios contra acciones no autorizadas por terceros (copiado, eliminaci\u00f3n y otras acciones realizadas con los documentos).<\/li>\n<\/ul>\n<p>Las partes acuerdan lo siguiente:<\/p>\n<ol>\n<li>El uso adecuado del software Advacheck implica utilizarlo para trabajar con documentos relacionados con el \u00e1mbito profesional del usuario; proteger sus detalles de acceso; emplear las verificaciones disponibles para los fines previstos; y abstenerse de usar el software Advacheck para \u00abajustar\u00bb el porcentaje de originalidad al valor requerido o buscar maneras de hacer trampa.<\/li>\n<li>Todos los usuarios del sistema deben utilizar sus propias cuentas para su trabajo (es decir, el nombre de usuario y la contrase\u00f1a) proporcionadas por el administrador del sistema del Licenciatario. Si el usuario no dispone de una cuenta, debe ponerse en contacto con el administrador del sistema del Licenciatario.<\/li>\n<li>El Licenciante hace todo lo posible para garantizar la protecci\u00f3n de los datos personales de los usuarios. Los usuarios del software Advacheck no deben compartir sus detalles de acceso (nombre de usuario y contrase\u00f1a) con terceros (compa\u00f1eros, estudiantes, administradores, empleados del Licenciante u otros). Los usuarios deben informar al administrador del sistema del Licenciatario sobre cualquier uso no autorizado de sus detalles de acceso por parte de terceros y cambiar su contrase\u00f1a.<\/li>\n<li>El Licenciante ofrece a sus clientes la oportunidad de utilizar las funcionalidades del software Advacheck para detectar el uso de textos en trabajos cient\u00edficos y acad\u00e9micos. Los usuarios del software Advacheck tienen permitido realizar verificaciones de documentos para identificar el uso de textos dentro de sus responsabilidades laborales y exclusivamente para fines profesionales. Los usuarios del software Advacheck no pueden utilizar sus cuentas para prestar servicios a terceros, salvo que se disponga lo contrario en este Acuerdo.<\/li>\n<li>El n\u00famero de verificaciones a disposici\u00f3n del Licenciatario suscriptor est\u00e1 prescrito por el Acuerdo con el Licenciante. Los usuarios del software Advacheck deben utilizar las verificaciones de texto para su fin previsto, es decir, para identificar el uso de textos, y no deben utilizarlas con el objetivo de \u00abadaptar\u00bb el texto del documento hasta que cumpla con los objetivos de originalidad del Licenciatario o para lograr el mismo fin mediante el enga\u00f1o del software Advacheck.<\/li>\n<li>El software Advacheck fue creado con el objetivo de mejorar la calidad de los trabajos cient\u00edficos y acad\u00e9micos, siendo una herramienta para evaluar la forma en que se ha reutilizado el texto de manera adecuada y correcta. El software Advacheck identifica superposiciones entre fragmentos de texto (incluyendo par\u00e1frasis y traducciones) en el documento que se est\u00e1 verificando y las fuentes en el \u00e1rea de b\u00fasqueda. Los expertos del Licenciatario son quienes deciden si el uso del texto ha sido adecuado y correcto mediante el informe de reutilizaci\u00f3n de texto.<\/li>\n<li>El Licenciante proporciona a los administradores del sistema del Licenciatario un conjunto de herramientas para supervisar y gestionar a los usuarios, como el acceso al registro de actividad de los usuarios y la capacidad de crear, bloquear y desbloquear cuentas. Los administradores del software Advacheck deben monitorear el uso de las verificaciones por parte de cada usuario seg\u00fan sus detalles de acceso al menos una vez por trimestre y analizar los indicadores de rendimiento del software Advacheck para prevenir el uso indebido de las verificaciones y las fugas de datos personales. Al detectar actividad sospechosa en una cuenta de usuario, los administradores del software Advacheck deben bloquear el acceso a la cuenta de dicho usuario. El acceso de usuario a cuentas o caracter\u00edsticas individuales del software Advacheck puede ser restringido autom\u00e1ticamente.<\/li>\n<li>Al recibir un mensaje de un usuario sobre una filtraci\u00f3n de sus detalles de acceso, el Licenciante debe cambiar la contrase\u00f1a de ese usuario.<\/li>\n<li>El Licenciante podr\u00e1 eliminar las restricciones impuestas a la cuenta de un usuario solo si est\u00e1 convencido de que el usuario ha utilizado el software Advacheck de acuerdo con estos principios y de que la cuenta del usuario no ha sido comprometida.<\/li>\n<\/ol>\n","protected":false},"excerpt":{"rendered":"<p>En consideraci\u00f3n de las condiciones del Acuerdo y los pactos mutuos que se detallan a continuaci\u00f3n, se acuerda lo siguiente para garantizar: El uso efectivo de los verificadores a disposici\u00f3n del Licenciatario de acuerdo con el Acuerdo y la prevenci\u00f3n de su uso indebido. La protecci\u00f3n de los datos personales y las cuentas leg\u00edtimas de [&hellip;]<\/p>\n","protected":false},"author":3,"featured_media":0,"parent":0,"menu_order":0,"comment_status":"closed","ping_status":"closed","template":"classic.php","meta":{"_acf_changed":false,"inline_featured_image":false,"footnotes":""},"class_list":["post-511","page","type-page","status-publish","hentry"],"translation":{"provider":"WPGlobus","version":"3.0.0","language":"es","enabled_languages":["en","es"],"languages":{"en":{"title":true,"content":true,"excerpt":false},"es":{"title":true,"content":true,"excerpt":false}}},"acf":[],"yoast_head":"<!-- This site is optimized with the Yoast SEO plugin v24.2 - https:\/\/yoast.com\/wordpress\/plugins\/seo\/ -->\n<title>C\u00f3digo de conducta para los usuarios del software de Advacheck - Advacheck.com<\/title>\n<meta name=\"robots\" content=\"index, follow, max-snippet:-1, max-image-preview:large, max-video-preview:-1\" \/>\n<link rel=\"canonical\" href=\"https:\/\/advacheck.com\/code-of-conduct-for-advacheck-software-users\/\" \/>\n<meta property=\"og:locale\" content=\"es_ES\" \/>\n<meta property=\"og:type\" content=\"website\" \/>\n<meta property=\"og:url\" content=\"https:\/\/advacheck.com\/code-of-conduct-for-advacheck-software-users\/\" \/>\n<meta property=\"og:site_name\" content=\"Advacheck.com\" \/>\n<meta property=\"article:modified_time\" content=\"2025-02-14T14:09:21+00:00\" \/>\n<meta name=\"twitter:card\" content=\"summary_large_image\" \/>\n<script type=\"application\/ld+json\" class=\"yoast-schema-graph\">{\"@context\":\"https:\/\/schema.org\",\"@graph\":[{\"@type\":\"WebPage\",\"@id\":\"https:\/\/advacheck.com\/code-of-conduct-for-advacheck-software-users\/\",\"url\":\"https:\/\/advacheck.com\/code-of-conduct-for-advacheck-software-users\/\",\"name\":\"C\u00f3digo de conducta para los usuarios del software de Advacheck - Advacheck.com\",\"isPartOf\":{\"@id\":\"https:\/\/advacheck.com\/#website\"},\"datePublished\":\"2024-07-29T11:21:12+00:00\",\"dateModified\":\"2025-02-14T14:09:21+00:00\",\"description\":\"Review Advacheck's Code of Conduct for software users. Learn the rules for responsible usage, data protection, and ethical practices when using AI detection and plagiarism tools.\",\"breadcrumb\":{\"@id\":\"https:\/\/advacheck.com\/code-of-conduct-for-advacheck-software-users\/#breadcrumb\"},\"inLanguage\":\"es\",\"potentialAction\":[{\"@type\":\"ReadAction\",\"target\":[\"https:\/\/advacheck.com\/code-of-conduct-for-advacheck-software-users\/\"]}]},{\"@type\":\"BreadcrumbList\",\"@id\":\"https:\/\/advacheck.com\/code-of-conduct-for-advacheck-software-users\/#breadcrumb\",\"itemListElement\":[{\"@type\":\"ListItem\",\"position\":1,\"name\":\"Home\",\"item\":\"https:\/\/advacheck.com\/\"},{\"@type\":\"ListItem\",\"position\":2,\"name\":\"Code of Conduct for Advacheck Software Users\"}]},{\"@type\":\"WebSite\",\"@id\":\"https:\/\/advacheck.com\/#website\",\"url\":\"https:\/\/advacheck.com\/\",\"name\":\"advacheck\",\"description\":\"advacheck\",\"publisher\":{\"@id\":\"https:\/\/advacheck.com\/#organization\"},\"potentialAction\":[{\"@type\":\"SearchAction\",\"target\":{\"@type\":\"EntryPoint\",\"urlTemplate\":\"https:\/\/advacheck.com\/?s={search_term_string}\"},\"query-input\":{\"@type\":\"PropertyValueSpecification\",\"valueRequired\":true,\"valueName\":\"search_term_string\"}}],\"inLanguage\":\"es\"},{\"@type\":\"Organization\",\"@id\":\"https:\/\/advacheck.com\/#organization\",\"name\":\"advacheck\",\"url\":\"https:\/\/advacheck.com\/\",\"logo\":{\"@type\":\"ImageObject\",\"inLanguage\":\"es\",\"@id\":\"https:\/\/advacheck.com\/#\/schema\/logo\/image\/\",\"url\":\"https:\/\/advacheck.com\/wp-content\/uploads\/2024\/10\/owl-solution.svg\",\"contentUrl\":\"https:\/\/advacheck.com\/wp-content\/uploads\/2024\/10\/owl-solution.svg\",\"width\":489,\"height\":759,\"caption\":\"advacheck\"},\"image\":{\"@id\":\"https:\/\/advacheck.com\/#\/schema\/logo\/image\/\"}}]}<\/script>\n<!-- \/ Yoast SEO plugin. -->","yoast_head_json":{"title":"C\u00f3digo de conducta para los usuarios del software de Advacheck - Advacheck.com","robots":{"index":"index","follow":"follow","max-snippet":"max-snippet:-1","max-image-preview":"max-image-preview:large","max-video-preview":"max-video-preview:-1"},"canonical":"https:\/\/advacheck.com\/code-of-conduct-for-advacheck-software-users\/","og_locale":"es_ES","og_type":"website","og_url":"https:\/\/advacheck.com\/code-of-conduct-for-advacheck-software-users\/","og_site_name":"Advacheck.com","article_modified_time":"2025-02-14T14:09:21+00:00","twitter_card":"summary_large_image","schema":{"@context":"https:\/\/schema.org","@graph":[{"@type":"WebPage","@id":"https:\/\/advacheck.com\/code-of-conduct-for-advacheck-software-users\/","url":"https:\/\/advacheck.com\/code-of-conduct-for-advacheck-software-users\/","name":"C\u00f3digo de conducta para los usuarios del software de Advacheck - Advacheck.com","isPartOf":{"@id":"https:\/\/advacheck.com\/#website"},"datePublished":"2024-07-29T11:21:12+00:00","dateModified":"2025-02-14T14:09:21+00:00","description":"Review Advacheck's Code of Conduct for software users. Learn the rules for responsible usage, data protection, and ethical practices when using AI detection and plagiarism tools.","breadcrumb":{"@id":"https:\/\/advacheck.com\/code-of-conduct-for-advacheck-software-users\/#breadcrumb"},"inLanguage":"es","potentialAction":[{"@type":"ReadAction","target":["https:\/\/advacheck.com\/code-of-conduct-for-advacheck-software-users\/"]}]},{"@type":"BreadcrumbList","@id":"https:\/\/advacheck.com\/code-of-conduct-for-advacheck-software-users\/#breadcrumb","itemListElement":[{"@type":"ListItem","position":1,"name":"Home","item":"https:\/\/advacheck.com\/"},{"@type":"ListItem","position":2,"name":"Code of Conduct for Advacheck Software Users"}]},{"@type":"WebSite","@id":"https:\/\/advacheck.com\/#website","url":"https:\/\/advacheck.com\/","name":"advacheck","description":"advacheck","publisher":{"@id":"https:\/\/advacheck.com\/#organization"},"potentialAction":[{"@type":"SearchAction","target":{"@type":"EntryPoint","urlTemplate":"https:\/\/advacheck.com\/?s={search_term_string}"},"query-input":{"@type":"PropertyValueSpecification","valueRequired":true,"valueName":"search_term_string"}}],"inLanguage":"es"},{"@type":"Organization","@id":"https:\/\/advacheck.com\/#organization","name":"advacheck","url":"https:\/\/advacheck.com\/","logo":{"@type":"ImageObject","inLanguage":"es","@id":"https:\/\/advacheck.com\/#\/schema\/logo\/image\/","url":"https:\/\/advacheck.com\/wp-content\/uploads\/2024\/10\/owl-solution.svg","contentUrl":"https:\/\/advacheck.com\/wp-content\/uploads\/2024\/10\/owl-solution.svg","width":489,"height":759,"caption":"advacheck"},"image":{"@id":"https:\/\/advacheck.com\/#\/schema\/logo\/image\/"}}]}},"_links":{"self":[{"href":"https:\/\/advacheck.com\/es\/wp-json\/wp\/v2\/pages\/511"}],"collection":[{"href":"https:\/\/advacheck.com\/es\/wp-json\/wp\/v2\/pages"}],"about":[{"href":"https:\/\/advacheck.com\/es\/wp-json\/wp\/v2\/types\/page"}],"author":[{"embeddable":true,"href":"https:\/\/advacheck.com\/es\/wp-json\/wp\/v2\/users\/3"}],"replies":[{"embeddable":true,"href":"https:\/\/advacheck.com\/es\/wp-json\/wp\/v2\/comments?post=511"}],"version-history":[{"count":8,"href":"https:\/\/advacheck.com\/es\/wp-json\/wp\/v2\/pages\/511\/revisions"}],"predecessor-version":[{"id":1597,"href":"https:\/\/advacheck.com\/es\/wp-json\/wp\/v2\/pages\/511\/revisions\/1597"}],"wp:attachment":[{"href":"https:\/\/advacheck.com\/es\/wp-json\/wp\/v2\/media?parent=511"}],"curies":[{"name":"wp","href":"https:\/\/api.w.org\/{rel}","templated":true}]}}