{"id":3,"date":"2024-03-27T13:35:49","date_gmt":"2024-03-27T10:35:49","guid":{"rendered":"https:\/\/advacheck.com\/\/?page_id=3"},"modified":"2025-03-28T14:01:01","modified_gmt":"2025-03-28T11:01:01","slug":"privacy-policy","status":"publish","type":"page","link":"https:\/\/advacheck.com\/es\/privacy-policy\/","title":{"rendered":"P\u00e1gina Acuerdos de usuario"},"content":{"rendered":"<p><strong>POL\u00cdTICA DE PRIVACIDAD Y DE COOKIES<\/strong><\/p>\n<p>Fecha de entrada en vigor: 15 de abril de 2022<\/p>\n<p>Advacheck O\u00dc, una empresa debidamente constituida conforme a las leyes de la Rep\u00fablica de Estonia, con domicilio social en Vesiv\u00e4rava 50-201, 10152 Tallin, Estonia, en adelante Advacheck, a trav\u00e9s de su software ayuda a estudiantes, profesores, investigadores y empleados de todo el mundo en la detecci\u00f3n de plagios y crea nuevas oportunidades en la educaci\u00f3n.<\/p>\n<p>Advacheck establece altos est\u00e1ndares en cuanto a la privacidad de sus usuarios:<\/p>\n<ul>\n<li>cumple las normas \u00e9ticas m\u00e1s estrictas;<\/li>\n<li>se esfuerza por observar las normas m\u00e1s estrictas de confidencialidad para ganarse la confianza de los Usuarios;<\/li>\n<li>protege escrupulosamente los Datos Personales de los Usuarios;<\/li>\n<li>utiliza los Datos Personales \u00fanicamente establecidos por ley.<\/li>\n<\/ul>\n<p>Esta Pol\u00edtica de Privacidad y de Cookies, tambi\u00e9n denominada Pol\u00edtica de Privacidad, describe c\u00f3mo Advacheck recopila, utiliza, almacena y protege los Datos Personales de acuerdo con las normas mencionadas anteriormente, y qu\u00e9 opciones tienen los Usuarios en relaci\u00f3n con sus Datos Personales.<\/p>\n<p><strong>Definiciones<\/strong><\/p>\n<p>Las siguientes definiciones se ofrecen o bien en el sentido del Reglamento (UE) n\u00ba 2016\/679 del Parlamento Europeo y del Consejo relativo a la protecci\u00f3n de las personas f\u00edsicas en lo que respecta al tratamiento de datos personales y a la libre circulaci\u00f3n de estos datos y por el que se deroga la Directiva 95\/46\/CE (Reglamento General de Protecci\u00f3n de Datos, en adelante RGPD), y teniendo en cuenta las normas de protecci\u00f3n de Datos Personales de los Estados Unidos de Am\u00e9rica y Suiza, Noruega, Islandia, Liechtenstein o bien en el sentido y la interpretaci\u00f3n que la pr\u00e1ctica establecida ha asignado a dichos t\u00e9rminos, definiciones y combinaciones de palabras en uso en el \u00e1mbito de las tecnolog\u00edas de Internet.<\/p>\n<ol>\n<li>Por \u00abServicios Advacheck\u00bb se entender\u00e1n los servicios de detecci\u00f3n de plagios proporcionados en virtud del presente Acuerdo de Licencia.<\/li>\n<li>Por \u00abSitio\u00bb se entender\u00e1 un conjunto de p\u00e1ginas web ubicadas en Internet, unidas por un \u00fanico tema, dise\u00f1o y un espacio unificado de direcciones del dominio advacheck.com y sus subdominios.<\/li>\n<li>Por \u00abUsuario(s)\u00bb se entender\u00e1 la(s) persona(s) que accede(n) al Sitio utilizando las capacidades de \u00e9ste tras completar el procedimiento de registro.<\/li>\n<li>Por \u00abUsuarios de la Uni\u00f3n Europea\u00bb se entender\u00e1 los Usuarios que accedan al Sitio desde el territorio de la Uni\u00f3n Europea y del Espacio Econ\u00f3mico Europeo.<\/li>\n<li>Por \u00abSujeto de los Datos\u00bb se entender\u00e1 una persona f\u00edsica identificada o identificable; una persona f\u00edsica identificable es aquella que puede ser identificada, directa o indirectamente, en particular por referencia a un identificador como un nombre, un n\u00famero de identificaci\u00f3n, datos de localizaci\u00f3n, un identificador en l\u00ednea o por uno o m\u00e1s factores espec\u00edficos de la identidad f\u00edsica, fisiol\u00f3gica, gen\u00e9tica, mental, econ\u00f3mica, cultural o social de dicha persona f\u00edsica.<\/li>\n<li>\u00a0Por \u00abDatos Personales\u00bb se entender\u00e1 cualquier informaci\u00f3n relativa al Sujeto de los Datos.<\/li>\n<li>Por \u201cCookies\u00bb se entender\u00e1 peque\u00f1os fragmentos de informaci\u00f3n de texto de registro que se crean y almacenan autom\u00e1ticamente en el ordenador del Usuario o en otros dispositivos con el fin de asociar e identificar la actividad con el Usuario.<\/li>\n<li>Por \u00abResponsable del Tratamiento\u00bb se entender\u00e1 una persona jur\u00eddica que (sola o conjuntamente o en asociaci\u00f3n con otras personas) determina los fines para los que se procesan o se van a procesar los Datos Personales y la forma en que se hace. A efectos de la presente Pol\u00edtica de Privacidad, Advacheck es un Responsable del Tratamiento de sus Datos Personales.<\/li>\n<li>Por \u00abProcesador de Datos\u00bb se entender\u00e1 cualquier persona f\u00edsica o jur\u00eddica que procese los datos por cuenta del Responsable del Tratamiento. Advacheck puede utilizar los servicios de varios Proveedores de Servicios para procesar sus datos de forma m\u00e1s eficaz.<\/li>\n<li>Por \u00abProcesamiento\u00bb se entender\u00e1 un conjunto de acciones realizadas por el Procesador en relaci\u00f3n con los Datos Personales de los Usuarios, independientemente de su ubicaci\u00f3n y de conformidad con los objetivos establecidos.<\/li>\n<li>Por \u00abMateriales (Documentos)\u00bb se entender\u00e1 la informaci\u00f3n cargada por los Usuarios en el Sitio en forma de textos y archivos.<\/li>\n<\/ol>\n<p><strong>Usuarios de la Uni\u00f3n Europea y transferencias internacionales de datos<\/strong><\/p>\n<ol>\n<li>Los servicios de Advacheck son de naturaleza global. Advacheck puede transferir, procesar y almacenar parte de la informaci\u00f3n personal de los Usuarios en servidores o bases de datos de Advacheck fuera del Espacio Econ\u00f3mico Europeo (EEE). Siempre que<br \/>\nAdvacheck transfiera cualquier informaci\u00f3n, adoptar\u00e1 las medidas necesarias para protegerla.<\/li>\n<li>A efectos de la presente Pol\u00edtica de Privacidad, Advacheck divide a los Usuarios seg\u00fan el principio de requerimientos aplicables para el procesamiento de Datos Personales. Los Usuarios del Sitio se dividen en Usuarios de la Uni\u00f3n Europea y Otros Usuarios. Para los usuarios de la Uni\u00f3n Europea se aplican los requerimientos del GDPR.<\/li>\n<li>Advacheck puede revelar Datos Personales a solicitud leg\u00edtima de una autoridad p\u00fablica (por ejemplo, para satisfacer requerimientos de seguridad nacional o de las fuerzas del orden). Los Datos Personales de los Usuarios de la Uni\u00f3n Europea solo pueden presentarse a la autoridad p\u00fablica si existe una solicitud emitida en estricta conformidad con los requerimientos del GDPR.<\/li>\n<li>La transferencia de datos de los Usuarios de la Uni\u00f3n Europea solo es posible si existe un consentimiento directo y expreso del Usuario de la Uni\u00f3n Europea para dicha transferencia.<\/li>\n<li>Advacheck no transfiere Datos Personales a terceros, salvo en los casos indicados en la Secci\u00f3n 3.<\/li>\n<li>En ciertas regiones (incluida la Uni\u00f3n Europea), los usuarios pueden solicitar la eliminaci\u00f3n parcial o total de sus datos, o el acceso a los mismos, contactando al Oficial de Protecci\u00f3n de Datos de Advacheck en dpo@advacheck.com. Advacheck responde en un plazo de 30 d\u00edas, con posibles extensiones de hasta dos meses si es necesario. La eliminaci\u00f3n de la cuenta implica la p\u00e9rdida de acceso a la mayor\u00eda de los servicios, incluyendo los datos de la cuenta.<\/li>\n<\/ol>\n","protected":false},"excerpt":{"rendered":"<p>POL\u00cdTICA DE PRIVACIDAD Y DE COOKIES Fecha de entrada en vigor: 15 de abril de 2022 Advacheck O\u00dc, una empresa debidamente constituida conforme a las leyes de la Rep\u00fablica de Estonia, con domicilio social en Vesiv\u00e4rava 50-201, 10152 Tallin, Estonia, en adelante Advacheck, a trav\u00e9s de su software ayuda a estudiantes, profesores, investigadores y empleados [&hellip;]<\/p>\n","protected":false},"author":3,"featured_media":0,"parent":0,"menu_order":0,"comment_status":"closed","ping_status":"open","template":"classic.php","meta":{"_acf_changed":false,"inline_featured_image":false,"footnotes":""},"class_list":["post-3","page","type-page","status-publish","hentry"],"translation":{"provider":"WPGlobus","version":"3.0.0","language":"es","enabled_languages":["en","es"],"languages":{"en":{"title":true,"content":true,"excerpt":false},"es":{"title":true,"content":true,"excerpt":false}}},"acf":[],"yoast_head":"<!-- This site is optimized with the Yoast SEO plugin v24.2 - https:\/\/yoast.com\/wordpress\/plugins\/seo\/ -->\n<title>Advacheck Privacy Policy<\/title>\n<meta name=\"robots\" content=\"index, follow, max-snippet:-1, max-image-preview:large, max-video-preview:-1\" \/>\n<link rel=\"canonical\" href=\"https:\/\/advacheck.com\/privacy-policy\/\" \/>\n<meta property=\"og:locale\" content=\"es_ES\" \/>\n<meta property=\"og:type\" content=\"website\" \/>\n<meta property=\"og:url\" content=\"https:\/\/advacheck.com\/privacy-policy\/\" \/>\n<meta property=\"og:site_name\" content=\"Advacheck.com\" \/>\n<meta property=\"article:modified_time\" content=\"2025-03-28T11:01:01+00:00\" \/>\n<meta name=\"twitter:card\" content=\"summary_large_image\" \/>\n<script type=\"application\/ld+json\" class=\"yoast-schema-graph\">{\"@context\":\"https:\/\/schema.org\",\"@graph\":[{\"@type\":\"WebPage\",\"@id\":\"https:\/\/advacheck.com\/privacy-policy\/\",\"url\":\"https:\/\/advacheck.com\/privacy-policy\/\",\"name\":\"Advacheck Privacy Policy\",\"isPartOf\":{\"@id\":\"https:\/\/advacheck.com\/#website\"},\"datePublished\":\"2024-03-27T10:35:49+00:00\",\"dateModified\":\"2025-03-28T11:01:01+00:00\",\"description\":\"Review Advacheck's Privacy Policy to understand how we collect, use, and protect your personal data. Learn about your rights and our commitment to data privacy and security.\",\"breadcrumb\":{\"@id\":\"https:\/\/advacheck.com\/privacy-policy\/#breadcrumb\"},\"inLanguage\":\"es\",\"potentialAction\":[{\"@type\":\"ReadAction\",\"target\":[\"https:\/\/advacheck.com\/privacy-policy\/\"]}]},{\"@type\":\"BreadcrumbList\",\"@id\":\"https:\/\/advacheck.com\/privacy-policy\/#breadcrumb\",\"itemListElement\":[{\"@type\":\"ListItem\",\"position\":1,\"name\":\"Home\",\"item\":\"https:\/\/advacheck.com\/\"},{\"@type\":\"ListItem\",\"position\":2,\"name\":\"Privacy Policy\"}]},{\"@type\":\"WebSite\",\"@id\":\"https:\/\/advacheck.com\/#website\",\"url\":\"https:\/\/advacheck.com\/\",\"name\":\"advacheck\",\"description\":\"advacheck\",\"publisher\":{\"@id\":\"https:\/\/advacheck.com\/#organization\"},\"potentialAction\":[{\"@type\":\"SearchAction\",\"target\":{\"@type\":\"EntryPoint\",\"urlTemplate\":\"https:\/\/advacheck.com\/?s={search_term_string}\"},\"query-input\":{\"@type\":\"PropertyValueSpecification\",\"valueRequired\":true,\"valueName\":\"search_term_string\"}}],\"inLanguage\":\"es\"},{\"@type\":\"Organization\",\"@id\":\"https:\/\/advacheck.com\/#organization\",\"name\":\"advacheck\",\"url\":\"https:\/\/advacheck.com\/\",\"logo\":{\"@type\":\"ImageObject\",\"inLanguage\":\"es\",\"@id\":\"https:\/\/advacheck.com\/#\/schema\/logo\/image\/\",\"url\":\"https:\/\/advacheck.com\/wp-content\/uploads\/2024\/10\/owl-solution.svg\",\"contentUrl\":\"https:\/\/advacheck.com\/wp-content\/uploads\/2024\/10\/owl-solution.svg\",\"width\":489,\"height\":759,\"caption\":\"advacheck\"},\"image\":{\"@id\":\"https:\/\/advacheck.com\/#\/schema\/logo\/image\/\"}}]}<\/script>\n<!-- \/ Yoast SEO plugin. -->","yoast_head_json":{"title":"Advacheck Privacy Policy","robots":{"index":"index","follow":"follow","max-snippet":"max-snippet:-1","max-image-preview":"max-image-preview:large","max-video-preview":"max-video-preview:-1"},"canonical":"https:\/\/advacheck.com\/privacy-policy\/","og_locale":"es_ES","og_type":"website","og_url":"https:\/\/advacheck.com\/privacy-policy\/","og_site_name":"Advacheck.com","article_modified_time":"2025-03-28T11:01:01+00:00","twitter_card":"summary_large_image","schema":{"@context":"https:\/\/schema.org","@graph":[{"@type":"WebPage","@id":"https:\/\/advacheck.com\/privacy-policy\/","url":"https:\/\/advacheck.com\/privacy-policy\/","name":"Advacheck Privacy Policy","isPartOf":{"@id":"https:\/\/advacheck.com\/#website"},"datePublished":"2024-03-27T10:35:49+00:00","dateModified":"2025-03-28T11:01:01+00:00","description":"Review Advacheck's Privacy Policy to understand how we collect, use, and protect your personal data. Learn about your rights and our commitment to data privacy and security.","breadcrumb":{"@id":"https:\/\/advacheck.com\/privacy-policy\/#breadcrumb"},"inLanguage":"es","potentialAction":[{"@type":"ReadAction","target":["https:\/\/advacheck.com\/privacy-policy\/"]}]},{"@type":"BreadcrumbList","@id":"https:\/\/advacheck.com\/privacy-policy\/#breadcrumb","itemListElement":[{"@type":"ListItem","position":1,"name":"Home","item":"https:\/\/advacheck.com\/"},{"@type":"ListItem","position":2,"name":"Privacy Policy"}]},{"@type":"WebSite","@id":"https:\/\/advacheck.com\/#website","url":"https:\/\/advacheck.com\/","name":"advacheck","description":"advacheck","publisher":{"@id":"https:\/\/advacheck.com\/#organization"},"potentialAction":[{"@type":"SearchAction","target":{"@type":"EntryPoint","urlTemplate":"https:\/\/advacheck.com\/?s={search_term_string}"},"query-input":{"@type":"PropertyValueSpecification","valueRequired":true,"valueName":"search_term_string"}}],"inLanguage":"es"},{"@type":"Organization","@id":"https:\/\/advacheck.com\/#organization","name":"advacheck","url":"https:\/\/advacheck.com\/","logo":{"@type":"ImageObject","inLanguage":"es","@id":"https:\/\/advacheck.com\/#\/schema\/logo\/image\/","url":"https:\/\/advacheck.com\/wp-content\/uploads\/2024\/10\/owl-solution.svg","contentUrl":"https:\/\/advacheck.com\/wp-content\/uploads\/2024\/10\/owl-solution.svg","width":489,"height":759,"caption":"advacheck"},"image":{"@id":"https:\/\/advacheck.com\/#\/schema\/logo\/image\/"}}]}},"_links":{"self":[{"href":"https:\/\/advacheck.com\/es\/wp-json\/wp\/v2\/pages\/3"}],"collection":[{"href":"https:\/\/advacheck.com\/es\/wp-json\/wp\/v2\/pages"}],"about":[{"href":"https:\/\/advacheck.com\/es\/wp-json\/wp\/v2\/types\/page"}],"author":[{"embeddable":true,"href":"https:\/\/advacheck.com\/es\/wp-json\/wp\/v2\/users\/3"}],"replies":[{"embeddable":true,"href":"https:\/\/advacheck.com\/es\/wp-json\/wp\/v2\/comments?post=3"}],"version-history":[{"count":10,"href":"https:\/\/advacheck.com\/es\/wp-json\/wp\/v2\/pages\/3\/revisions"}],"predecessor-version":[{"id":1603,"href":"https:\/\/advacheck.com\/es\/wp-json\/wp\/v2\/pages\/3\/revisions\/1603"}],"wp:attachment":[{"href":"https:\/\/advacheck.com\/es\/wp-json\/wp\/v2\/media?parent=3"}],"curies":[{"name":"wp","href":"https:\/\/api.w.org\/{rel}","templated":true}]}}